{"id":4752,"date":"2025-01-16T08:34:46","date_gmt":"2025-01-16T13:34:46","guid":{"rendered":"https:\/\/wordpress-403092-4947710.cloudwaysapps.com\/?page_id=4752"},"modified":"2025-04-09T05:58:18","modified_gmt":"2025-04-09T09:58:18","slug":"products","status":"publish","type":"page","link":"https:\/\/elmwoodcabinets.com\/fr\/products\/","title":{"rendered":"Produits"},"content":{"rendered":"<section class=\"py-flex py-gap py-section py-background-color-3\" style=\"--py-gap-value:var(--py-section-gap)\">\n<div class=\"py-container py-flex py-gap\" style=\"--py-gap-value:var(--py-container-gap);--py-align-items:center\">\n<h1 class=\"py-text\" style=\"--py-text-color:var(--py-brand-color-2);--py-text-align:center;--py-max-width:900px\">Des choix quasi infinis pour vos d\u2019armoires sur mesure haut de gamme<\/h1>\n\n\n\n<div class=\"wp-block-piney-py-divider py-divider\" style=\"max-width:70px\"><\/div>\n\n\n\n<p class=\"py-text\" style=\"--py-text-color:var(--py-brand-color-2);--py-text-align:center;--py-max-width:1000px\">La finesse et la noblesse naissent de la magie de notre savoir-faire de fabricant et de votre cr\u00e9ativit\u00e9. D\u00e9couvrez les nuances de nos produits les plus recherch\u00e9s qui porteront votre projet d\u2019armoires sur mesure haut de gamme au rang de v\u00e9ritable chef-d\u2019oeuvre.<\/p>\n<\/div>\n<\/section>\n\n\n\n<section class=\"py-flex py-gap py-section\" style=\"--py-gap-value:var(--py-section-gap)\">\n<div class=\"py-container py-flex py-gap\" style=\"--py-gap-value:var(--py-container-gap)\">\n<div data-pg-name=\"Piney Grid\" class=\"py-gap py-grid  py-grid-tab-l\" style=\"--py-gap-value:var(--py-grid-gap);--py-grid-template-columns:var(--py-grid-columns);--py-grid-columns-tab-l:minmax(0, 1fr) minmax(0, 4fr)\">\n<div class=\"py-flex py-gap\" style=\"--py-gap-value:var(--py-content-gap)\">\n<div class=\"py-flex py-gap\" style=\"--py-gap-value:var(--py-content-gap)\"><div class=\"wpgb-facet wpgb-loading wpgb-facet-7\" data-facet=\"7\" data-grid=\"wpgb-content\"><\/div>\n<\/div>\n\n\n\n<div class=\"py-flex py-gap\" style=\"--py-gap-value:var(--py-content-gap)\">\n<h3 class=\"py-text\">Styles de porte<\/h3>\n\n\n\n<div class=\"wp-block-piney-py-divider py-divider\"><\/div>\n\n\n<div class=\"wpgb-facet wpgb-loading wpgb-facet-5\" data-facet=\"5\" data-grid=\"wpgb-content\"><\/div>\n<\/div>\n\n\n\n<div class=\"py-flex py-gap\" style=\"--py-gap-value:var(--py-content-gap)\">\n<h3 class=\"py-text\">Product Categories<\/h3>\n\n\n\n<div class=\"wp-block-piney-py-divider py-divider\"><\/div>\n\n\n<div class=\"wpgb-facet wpgb-loading wpgb-facet-4\" data-facet=\"4\" data-grid=\"wpgb-content\"><\/div>\n<\/div>\n<\/div>\n\n\n\n<div class=\"py-flex py-gap\" style=\"--py-gap-value:var(--py-content-gap) * 2\"><div style=\"--py-gap-value: var(--py-grid-gap);--py-grid-template-columns:;--py-grid-columns:;--py-grid-min:;--py-grid-columns-tab-m:;--py-grid-min-tab-m:;--py-grid-columns-tab-l:;--py-grid-columns-desktop:;\" class=\"py-gap py-grid py-products-grid wpgb-content\">\n                                            <a id=\"post-8946\" href=\"https:\/\/elmwoodcabinets.com\/fr\/product\/soft-natural-intergrity-oak\/\" class=\"py-flex post-8946 product type-product status-publish has-post-thumbnail hentry product-type-finishes product-category-integrity-wood-grain-laminates\"> <div class=\"py-products-grid__img-wrapper\">\n                    <img decoding=\"async\" src=\"https:\/\/elmwoodcabinets.com\/wp-content\/uploads\/odessa_soft-natural_integrity-oak-lam.webp\" class=\"attachment-full size-full wp-post-image\" alt=\"Soft Natural Integrity Oak laminate with warm natural tone and softly defined grain in a matte finish.\" srcset=\"https:\/\/elmwoodcabinets.com\/wp-content\/uploads\/odessa_soft-natural_integrity-oak-lam.webp 400w, https:\/\/elmwoodcabinets.com\/wp-content\/uploads\/odessa_soft-natural_integrity-oak-lam-166x300.webp 166w, https:\/\/elmwoodcabinets.com\/wp-content\/uploads\/odessa_soft-natural_integrity-oak-lam-7x12.webp 7w, https:\/\/elmwoodcabinets.com\/wp-content\/uploads\/odessa_soft-natural_integrity-oak-lam-13x24.webp 13w, https:\/\/elmwoodcabinets.com\/wp-content\/uploads\/odessa_soft-natural_integrity-oak-lam-20x36.webp 20w, https:\/\/elmwoodcabinets.com\/wp-content\/uploads\/odessa_soft-natural_integrity-oak-lam-27x48.webp 27w\" sizes=\"(max-width: 400px) 100vw, 400px\" \/>                <\/div><h2>Soft Natural Intergrity Oak<\/h2> <\/a>\n                                <a id=\"post-8942\" href=\"https:\/\/elmwoodcabinets.com\/fr\/product\/greige-integrity-oak\/\" class=\"py-flex post-8942 product type-product status-publish has-post-thumbnail hentry product-type-finishes product-category-integrity-wood-grain-laminates\"> <div class=\"py-products-grid__img-wrapper\">\n                    <img decoding=\"async\" src=\"https:\/\/elmwoodcabinets.com\/wp-content\/uploads\/odessa_greige_integrity-oak-lam.webp\" class=\"attachment-full size-full wp-post-image\" alt=\"Grey\u2019s Integrity Oak laminate with vertical wood grain and subtle neutral tones in a matte finish.\" srcset=\"https:\/\/elmwoodcabinets.com\/wp-content\/uploads\/odessa_greige_integrity-oak-lam.webp 400w, https:\/\/elmwoodcabinets.com\/wp-content\/uploads\/odessa_greige_integrity-oak-lam-166x300.webp 166w, https:\/\/elmwoodcabinets.com\/wp-content\/uploads\/odessa_greige_integrity-oak-lam-7x12.webp 7w, https:\/\/elmwoodcabinets.com\/wp-content\/uploads\/odessa_greige_integrity-oak-lam-13x24.webp 13w, https:\/\/elmwoodcabinets.com\/wp-content\/uploads\/odessa_greige_integrity-oak-lam-20x36.webp 20w, https:\/\/elmwoodcabinets.com\/wp-content\/uploads\/odessa_greige_integrity-oak-lam-27x48.webp 27w\" sizes=\"(max-width: 400px) 100vw, 400px\" \/>                <\/div><h2>Greige Integrity Oak<\/h2> <\/a>\n                                <a id=\"post-8934\" href=\"https:\/\/elmwoodcabinets.com\/fr\/product\/fog-white-integrity-oak\/\" class=\"py-flex post-8934 product type-product status-publish has-post-thumbnail hentry product-type-finishes product-category-integrity-wood-grain-laminates\"> <div class=\"py-products-grid__img-wrapper\">\n                    <img decoding=\"async\" src=\"https:\/\/elmwoodcabinets.com\/wp-content\/uploads\/odessa_fog-white_integrity-oak-lam.webp\" class=\"attachment-full size-full wp-post-image\" alt=\"fog white integrity oak\" srcset=\"https:\/\/elmwoodcabinets.com\/wp-content\/uploads\/odessa_fog-white_integrity-oak-lam.webp 400w, https:\/\/elmwoodcabinets.com\/wp-content\/uploads\/odessa_fog-white_integrity-oak-lam-166x300.webp 166w, https:\/\/elmwoodcabinets.com\/wp-content\/uploads\/odessa_fog-white_integrity-oak-lam-7x12.webp 7w, https:\/\/elmwoodcabinets.com\/wp-content\/uploads\/odessa_fog-white_integrity-oak-lam-13x24.webp 13w, https:\/\/elmwoodcabinets.com\/wp-content\/uploads\/odessa_fog-white_integrity-oak-lam-20x36.webp 20w, https:\/\/elmwoodcabinets.com\/wp-content\/uploads\/odessa_fog-white_integrity-oak-lam-27x48.webp 27w\" sizes=\"(max-width: 400px) 100vw, 400px\" \/>                <\/div><h2>Fog White Integrity Oak<\/h2> <\/a>\n                                <a id=\"post-8907\" href=\"https:\/\/elmwoodcabinets.com\/fr\/product\/bregenz-10-square-reeded\/\" class=\"py-flex post-8907 product type-product status-publish has-post-thumbnail hentry product-type-door-styles product-category-applied-moulding product-category-slab\"> <div class=\"py-products-grid__img-wrapper\">\n                    <img decoding=\"async\" src=\"https:\/\/elmwoodcabinets.com\/wp-content\/uploads\/bregenz-10-square-reeded-copal-stain.webp\" class=\"attachment-full size-full wp-post-image\" alt=\"auto draft\" srcset=\"https:\/\/elmwoodcabinets.com\/wp-content\/uploads\/bregenz-10-square-reeded-copal-stain.webp 400w, https:\/\/elmwoodcabinets.com\/wp-content\/uploads\/bregenz-10-square-reeded-copal-stain-166x300.webp 166w, https:\/\/elmwoodcabinets.com\/wp-content\/uploads\/bregenz-10-square-reeded-copal-stain-7x12.webp 7w, https:\/\/elmwoodcabinets.com\/wp-content\/uploads\/bregenz-10-square-reeded-copal-stain-13x24.webp 13w, https:\/\/elmwoodcabinets.com\/wp-content\/uploads\/bregenz-10-square-reeded-copal-stain-20x36.webp 20w, https:\/\/elmwoodcabinets.com\/wp-content\/uploads\/bregenz-10-square-reeded-copal-stain-27x48.webp 27w\" sizes=\"(max-width: 400px) 100vw, 400px\" \/>                <\/div><h2>Bregenz 10 Square Reeded\u200b<\/h2> <\/a>\n                                <a id=\"post-8902\" href=\"https:\/\/elmwoodcabinets.com\/fr\/product\/japandi-door\/\" class=\"py-flex post-8902 product type-product status-publish has-post-thumbnail hentry product-type-door-styles product-category-integral-handle product-category-slab\"> <div class=\"py-products-grid__img-wrapper\">\n                    <img decoding=\"async\" src=\"https:\/\/elmwoodcabinets.com\/wp-content\/uploads\/japandi-rift-cut-white-oak-natural-satin.webp\" class=\"attachment-full size-full wp-post-image\" alt=\"japandi door\u200b\" srcset=\"https:\/\/elmwoodcabinets.com\/wp-content\/uploads\/japandi-rift-cut-white-oak-natural-satin.webp 400w, https:\/\/elmwoodcabinets.com\/wp-content\/uploads\/japandi-rift-cut-white-oak-natural-satin-166x300.webp 166w, https:\/\/elmwoodcabinets.com\/wp-content\/uploads\/japandi-rift-cut-white-oak-natural-satin-7x12.webp 7w, https:\/\/elmwoodcabinets.com\/wp-content\/uploads\/japandi-rift-cut-white-oak-natural-satin-13x24.webp 13w, https:\/\/elmwoodcabinets.com\/wp-content\/uploads\/japandi-rift-cut-white-oak-natural-satin-20x36.webp 20w, https:\/\/elmwoodcabinets.com\/wp-content\/uploads\/japandi-rift-cut-white-oak-natural-satin-27x48.webp 27w\" sizes=\"(max-width: 400px) 100vw, 400px\" \/>                <\/div><h2>Japandi Door\u200b<\/h2> <\/a>\n                                <a id=\"post-8896\" href=\"https:\/\/elmwoodcabinets.com\/fr\/product\/nord-door\/\" class=\"py-flex post-8896 product type-product status-publish has-post-thumbnail hentry product-type-door-styles product-category-1-piece-mdf product-category-integral-handle product-category-slab\"> <div class=\"py-products-grid__img-wrapper\">\n                    <img decoding=\"async\" src=\"https:\/\/elmwoodcabinets.com\/wp-content\/uploads\/north-finger-pull-mdf-pummice-1.webp\" class=\"attachment-full size-full wp-post-image\" alt=\"nord door\" srcset=\"https:\/\/elmwoodcabinets.com\/wp-content\/uploads\/north-finger-pull-mdf-pummice-1.webp 1000w, https:\/\/elmwoodcabinets.com\/wp-content\/uploads\/north-finger-pull-mdf-pummice-1-166x300.webp 166w, https:\/\/elmwoodcabinets.com\/wp-content\/uploads\/north-finger-pull-mdf-pummice-1-568x1024.webp 568w, https:\/\/elmwoodcabinets.com\/wp-content\/uploads\/north-finger-pull-mdf-pummice-1-768x1384.webp 768w, https:\/\/elmwoodcabinets.com\/wp-content\/uploads\/north-finger-pull-mdf-pummice-1-852x1536.webp 852w, https:\/\/elmwoodcabinets.com\/wp-content\/uploads\/north-finger-pull-mdf-pummice-1-7x12.webp 7w, https:\/\/elmwoodcabinets.com\/wp-content\/uploads\/north-finger-pull-mdf-pummice-1-13x24.webp 13w, https:\/\/elmwoodcabinets.com\/wp-content\/uploads\/north-finger-pull-mdf-pummice-1-20x36.webp 20w, https:\/\/elmwoodcabinets.com\/wp-content\/uploads\/north-finger-pull-mdf-pummice-1-27x48.webp 27w\" sizes=\"(max-width: 1000px) 100vw, 1000px\" \/>                <\/div><h2>Nord Door<\/h2> <\/a>\n                                <a id=\"post-8387\" href=\"https:\/\/elmwoodcabinets.com\/fr\/product\/full-overlay-frame\/\" class=\"py-flex post-8387 product type-product status-publish has-post-thumbnail hentry product-type-cabinet-styles\"> <div class=\"py-products-grid__img-wrapper\">\n                    <img decoding=\"async\" src=\"https:\/\/elmwoodcabinets.com\/wp-content\/uploads\/elmwwod_cabinet-lines_iso_fof.webp\" class=\"attachment-full size-full wp-post-image\" alt=\"Full Overlay style with door-over-frame construction for transitional appeal.\" srcset=\"https:\/\/elmwoodcabinets.com\/wp-content\/uploads\/elmwwod_cabinet-lines_iso_fof.webp 225w, https:\/\/elmwoodcabinets.com\/wp-content\/uploads\/elmwwod_cabinet-lines_iso_fof-208x300.webp 208w, https:\/\/elmwoodcabinets.com\/wp-content\/uploads\/elmwwod_cabinet-lines_iso_fof-8x12.webp 8w, https:\/\/elmwoodcabinets.com\/wp-content\/uploads\/elmwwod_cabinet-lines_iso_fof-17x24.webp 17w, https:\/\/elmwoodcabinets.com\/wp-content\/uploads\/elmwwod_cabinet-lines_iso_fof-25x36.webp 25w, https:\/\/elmwoodcabinets.com\/wp-content\/uploads\/elmwwod_cabinet-lines_iso_fof-33x48.webp 33w\" sizes=\"(max-width: 225px) 100vw, 225px\" \/>                <\/div><h2>Full Overlay Frame<\/h2> <\/a>\n                                <a id=\"post-8386\" href=\"https:\/\/elmwoodcabinets.com\/fr\/product\/1-inch-inset-frame-bevel\/\" class=\"py-flex post-8386 product type-product status-publish has-post-thumbnail hentry product-type-cabinet-styles\"> <div class=\"py-products-grid__img-wrapper\">\n                    <img decoding=\"async\" src=\"https:\/\/elmwoodcabinets.com\/wp-content\/uploads\/elmwwod_cabinet-lines_iso_1ifb.webp\" class=\"attachment-full size-full wp-post-image\" alt=\"Inset Bevel frame with fully beaded edges for a vintage and detailed design.\" srcset=\"https:\/\/elmwoodcabinets.com\/wp-content\/uploads\/elmwwod_cabinet-lines_iso_1ifb.webp 222w, https:\/\/elmwoodcabinets.com\/wp-content\/uploads\/elmwwod_cabinet-lines_iso_1ifb-206x300.webp 206w, https:\/\/elmwoodcabinets.com\/wp-content\/uploads\/elmwwod_cabinet-lines_iso_1ifb-8x12.webp 8w, https:\/\/elmwoodcabinets.com\/wp-content\/uploads\/elmwwod_cabinet-lines_iso_1ifb-16x24.webp 16w, https:\/\/elmwoodcabinets.com\/wp-content\/uploads\/elmwwod_cabinet-lines_iso_1ifb-25x36.webp 25w, https:\/\/elmwoodcabinets.com\/wp-content\/uploads\/elmwwod_cabinet-lines_iso_1ifb-33x48.webp 33w\" sizes=\"(max-width: 222px) 100vw, 222px\" \/>                <\/div><h2>1 Inch Inset Frame Bevel<\/h2> <\/a>\n                                <a id=\"post-8385\" href=\"https:\/\/elmwoodcabinets.com\/fr\/product\/inset-frame-single-bead\/\" class=\"py-flex post-8385 product type-product status-publish has-post-thumbnail hentry product-type-cabinet-styles\"> <div class=\"py-products-grid__img-wrapper\">\n                    <img decoding=\"async\" src=\"https:\/\/elmwoodcabinets.com\/wp-content\/uploads\/elmwwod_cabinet-lines_iso_ifsb.webp\" class=\"attachment-full size-full wp-post-image\" alt=\"Inset Frame with single bead detail for a timeless, classic cabinetry look.\" srcset=\"https:\/\/elmwoodcabinets.com\/wp-content\/uploads\/elmwwod_cabinet-lines_iso_ifsb.webp 220w, https:\/\/elmwoodcabinets.com\/wp-content\/uploads\/elmwwod_cabinet-lines_iso_ifsb-204x300.webp 204w, https:\/\/elmwoodcabinets.com\/wp-content\/uploads\/elmwwod_cabinet-lines_iso_ifsb-8x12.webp 8w, https:\/\/elmwoodcabinets.com\/wp-content\/uploads\/elmwwod_cabinet-lines_iso_ifsb-16x24.webp 16w, https:\/\/elmwoodcabinets.com\/wp-content\/uploads\/elmwwod_cabinet-lines_iso_ifsb-24x36.webp 24w, https:\/\/elmwoodcabinets.com\/wp-content\/uploads\/elmwwod_cabinet-lines_iso_ifsb-33x48.webp 33w\" sizes=\"(max-width: 220px) 100vw, 220px\" \/>                <\/div><h2>Inset Frame Single Bead<\/h2> <\/a>\n                                <a id=\"post-8384\" href=\"https:\/\/elmwoodcabinets.com\/fr\/product\/inset-frame-square\/\" class=\"py-flex post-8384 product type-product status-publish has-post-thumbnail hentry product-type-cabinet-styles\"> <div class=\"py-products-grid__img-wrapper\">\n                    <img decoding=\"async\" src=\"https:\/\/elmwoodcabinets.com\/wp-content\/uploads\/elmwwod_cabinet-lines_iso_ifs.webp\" class=\"attachment-full size-full wp-post-image\" alt=\"Inset Frame Square with flush-set doors and sharp edges for a refined, tailored finish.\" srcset=\"https:\/\/elmwoodcabinets.com\/wp-content\/uploads\/elmwwod_cabinet-lines_iso_ifs.webp 220w, https:\/\/elmwoodcabinets.com\/wp-content\/uploads\/elmwwod_cabinet-lines_iso_ifs-204x300.webp 204w, https:\/\/elmwoodcabinets.com\/wp-content\/uploads\/elmwwod_cabinet-lines_iso_ifs-8x12.webp 8w, https:\/\/elmwoodcabinets.com\/wp-content\/uploads\/elmwwod_cabinet-lines_iso_ifs-16x24.webp 16w, https:\/\/elmwoodcabinets.com\/wp-content\/uploads\/elmwwod_cabinet-lines_iso_ifs-24x36.webp 24w, https:\/\/elmwoodcabinets.com\/wp-content\/uploads\/elmwwod_cabinet-lines_iso_ifs-33x48.webp 33w\" sizes=\"(max-width: 220px) 100vw, 220px\" \/>                <\/div><h2>Inset Frame Square<\/h2> <\/a>\n                                <a id=\"post-8383\" href=\"https:\/\/elmwoodcabinets.com\/fr\/product\/full-access-frameless-channel\/\" class=\"py-flex post-8383 product type-product status-publish has-post-thumbnail hentry product-type-cabinet-styles\"> <div class=\"py-products-grid__img-wrapper\">\n                    <img decoding=\"async\" src=\"https:\/\/elmwoodcabinets.com\/wp-content\/uploads\/elmwwod_cabinet-lines_iso_fafc.webp\" class=\"attachment-full size-full wp-post-image\" alt=\"Frameless Channel style with integrated aluminum handles for modern, minimalist cabinet access.\" srcset=\"https:\/\/elmwoodcabinets.com\/wp-content\/uploads\/elmwwod_cabinet-lines_iso_fafc.webp 223w, https:\/\/elmwoodcabinets.com\/wp-content\/uploads\/elmwwod_cabinet-lines_iso_fafc-206x300.webp 206w, https:\/\/elmwoodcabinets.com\/wp-content\/uploads\/elmwwod_cabinet-lines_iso_fafc-8x12.webp 8w, https:\/\/elmwoodcabinets.com\/wp-content\/uploads\/elmwwod_cabinet-lines_iso_fafc-17x24.webp 17w, https:\/\/elmwoodcabinets.com\/wp-content\/uploads\/elmwwod_cabinet-lines_iso_fafc-25x36.webp 25w, https:\/\/elmwoodcabinets.com\/wp-content\/uploads\/elmwwod_cabinet-lines_iso_fafc-33x48.webp 33w\" sizes=\"(max-width: 223px) 100vw, 223px\" \/>                <\/div><h2>Full Access Frameless Channel<\/h2> <\/a>\n                                <a id=\"post-8382\" href=\"https:\/\/elmwoodcabinets.com\/fr\/product\/full-access-frameless\/\" class=\"py-flex post-8382 product type-product status-publish has-post-thumbnail hentry product-type-cabinet-styles\"> <div class=\"py-products-grid__img-wrapper\">\n                    <img decoding=\"async\" src=\"https:\/\/elmwoodcabinets.com\/wp-content\/uploads\/elmwwod_cabinet-lines_iso_faf.webp\" class=\"attachment-full size-full wp-post-image\" alt=\"Full Access Frameless cabinet style with no face frame, offering full access and a streamlined appearance.\" srcset=\"https:\/\/elmwoodcabinets.com\/wp-content\/uploads\/elmwwod_cabinet-lines_iso_faf.webp 227w, https:\/\/elmwoodcabinets.com\/wp-content\/uploads\/elmwwod_cabinet-lines_iso_faf-210x300.webp 210w, https:\/\/elmwoodcabinets.com\/wp-content\/uploads\/elmwwod_cabinet-lines_iso_faf-8x12.webp 8w, https:\/\/elmwoodcabinets.com\/wp-content\/uploads\/elmwwod_cabinet-lines_iso_faf-17x24.webp 17w, https:\/\/elmwoodcabinets.com\/wp-content\/uploads\/elmwwod_cabinet-lines_iso_faf-25x36.webp 25w, https:\/\/elmwoodcabinets.com\/wp-content\/uploads\/elmwwod_cabinet-lines_iso_faf-34x48.webp 34w\" sizes=\"(max-width: 227px) 100vw, 227px\" \/>                <\/div><h2>Full Access Frameless<\/h2> <\/a>\n                    <\/div>\n\n<div class=\"wpgb-facet wpgb-loading wpgb-facet-6\" data-facet=\"6\" data-grid=\"wpgb-content\"><\/div>\n<\/div>\n<\/div>\n<\/div>\n<\/section>\n\n\n\n<section class=\"py-flex py-gap py-section  half-bg-top  py-section-footer-half\" style=\"--py-gap-value:var(--py-section-gap);position:relative;min-height:100vh\">\n<div class=\"py-container py-flex py-gap\" style=\"--py-gap-value:var(--py-container-gap);position:relative;--py-align-items:center;--py-justify-content:center\">\n<img loading=\"lazy\" decoding=\"async\" width=\"1800\" height=\"1020\" src=\"https:\/\/elmwoodcabinets.com\/wp-content\/uploads\/nik_0202-nef_r01-1800x1020-1.webp\" class=\"py-bg-img wp-image-5160\" style=\"z-index:1\" alt=\"nik 0202 nef r01 1800x1020\" srcset=\"https:\/\/elmwoodcabinets.com\/wp-content\/uploads\/nik_0202-nef_r01-1800x1020-1.webp 1800w, https:\/\/elmwoodcabinets.com\/wp-content\/uploads\/nik_0202-nef_r01-1800x1020-1-300x170.webp 300w, https:\/\/elmwoodcabinets.com\/wp-content\/uploads\/nik_0202-nef_r01-1800x1020-1-1024x580.webp 1024w, https:\/\/elmwoodcabinets.com\/wp-content\/uploads\/nik_0202-nef_r01-1800x1020-1-768x435.webp 768w, https:\/\/elmwoodcabinets.com\/wp-content\/uploads\/nik_0202-nef_r01-1800x1020-1-1536x870.webp 1536w\" sizes=\"auto, (max-width: 1800px) 100vw, 1800px\" \/>\n\n\n\n<div style=\"--bi-angle:right;--bi-color-1:var(--py-black-base);--bi-color-1-a:0.2;--bi-color-2:var(--py-black-base);--bi-color-2-a:0.2;z-index:2\" class=\"overlay\"><\/div>\n\n\n\n<div class=\"py-flex py-gap\" style=\"--py-gap-value:var(--py-content-gap);position:relative;z-index:3\">\n<h2 class=\"py-text\" style=\"--py-text-color:var(--py-brand-color-2);--py-text-align:center;--py-max-width:440px\">Faites entrer l\u2019art dans votre cuisine avec les armoires Elmwood,  \u00e0 d\u00e9couvrir chez votre d\u00e9taillant.<\/h2>\n<\/div>\n<\/div>\n<\/section>\n\n\n\n<section class=\"py-flex py-gap py-section py-background-color-3\" style=\"--py-gap-value:var(--py-section-gap)\">\n<div class=\"py-container py-flex py-gap\" style=\"--py-gap-value:var(--py-container-gap)\">\n<div class=\"wp-block-group is-content-justification-space-between is-nowrap is-layout-flex wp-container-core-group-is-layout-cb46ffcb wp-block-group-is-layout-flex\">\n<p class=\"has-brand-2-color has-text-color has-link-color wp-elements-5d2e94865bee5c8839dfcf6c7b0d0d23\">@elmwoodcabinets<\/p>\n\n\n\n<a href=\"https:\/\/www.instagram.com\/elmwoodcabinets\/\" class=\"wp-block-piney-py-stripe-link stripe-link\" target=\"_blank\" style=\"color:var(--py-brand-color-2)\" rel=\"noopener\">Suivez-nous<\/a>\n<\/div>\n\n\n\n<div id=\"wpsr-ig-feed-5304\" class=\"wpsr-ig-feed-wrapper wpsr-feed-wrap wpsr_content wpsr-ig-feed-template1 wpsr-ig-feed-template-5304\"   data-column=\"5\"><div class=\"wpsr-container wpsr-insta-feed-5304\">\n<div class=\"wpsr-ig-feed-wrapper-inner\"><div class=\"wpsr-row wpsr-ig-all-feed wpsr_feeds wpsr-column-gap-default\"><\/div><div class=\"wpsr-ig-footer wpsr-row\"><\/div><\/div><\/div><\/div>\n<\/div>\n<\/section>","protected":false},"excerpt":{"rendered":"","protected":false},"author":5,"featured_media":0,"parent":0,"menu_order":0,"comment_status":"closed","ping_status":"closed","template":"","meta":{"_seopress_robots_primary_cat":"","_seopress_titles_title":"","_seopress_titles_desc":"","_seopress_robots_index":"","footnotes":""},"class_list":["post-4752","page","type-page","status-publish","hentry"],"meta_box":[],"_links":{"self":[{"href":"https:\/\/elmwoodcabinets.com\/fr\/wp-json\/wp\/v2\/pages\/4752","targetHints":{"allow":["GET"]}}],"collection":[{"href":"https:\/\/elmwoodcabinets.com\/fr\/wp-json\/wp\/v2\/pages"}],"about":[{"href":"https:\/\/elmwoodcabinets.com\/fr\/wp-json\/wp\/v2\/types\/page"}],"author":[{"embeddable":true,"href":"https:\/\/elmwoodcabinets.com\/fr\/wp-json\/wp\/v2\/users\/5"}],"replies":[{"embeddable":true,"href":"https:\/\/elmwoodcabinets.com\/fr\/wp-json\/wp\/v2\/comments?post=4752"}],"version-history":[{"count":5,"href":"https:\/\/elmwoodcabinets.com\/fr\/wp-json\/wp\/v2\/pages\/4752\/revisions"}],"predecessor-version":[{"id":8555,"href":"https:\/\/elmwoodcabinets.com\/fr\/wp-json\/wp\/v2\/pages\/4752\/revisions\/8555"}],"wp:attachment":[{"href":"https:\/\/elmwoodcabinets.com\/fr\/wp-json\/wp\/v2\/media?parent=4752"}],"curies":[{"name":"wp","href":"https:\/\/api.w.org\/{rel}","templated":true}]}}