{"id":4748,"date":"2025-01-16T08:34:06","date_gmt":"2025-01-16T13:34:06","guid":{"rendered":"https:\/\/wordpress-403092-4947710.cloudwaysapps.com\/?page_id=4748"},"modified":"2025-04-09T05:35:30","modified_gmt":"2025-04-09T09:35:30","slug":"why-elmwood","status":"publish","type":"page","link":"https:\/\/elmwoodcabinets.com\/fr\/why-elmwood\/","title":{"rendered":"Pourquoi Elmwood"},"content":{"rendered":"<section class=\"py-flex py-gap py-section py-background-color-3\" style=\"--py-gap-value:var(--py-section-gap);position:relative;min-height:62vh\">\n<img loading=\"lazy\" decoding=\"async\" width=\"1900\" height=\"720\" src=\"https:\/\/elmwoodcabinets.com\/wp-content\/uploads\/elmwood-1900x720-1-2.webp\" class=\"py-bg-img wp-image-6397\" style=\"z-index:1;object-position:50% 0\" alt=\"elmwood 1900x720 1\" srcset=\"https:\/\/elmwoodcabinets.com\/wp-content\/uploads\/elmwood-1900x720-1-2.webp 1900w, https:\/\/elmwoodcabinets.com\/wp-content\/uploads\/elmwood-1900x720-1-2-300x114.webp 300w, https:\/\/elmwoodcabinets.com\/wp-content\/uploads\/elmwood-1900x720-1-2-1024x388.webp 1024w, https:\/\/elmwoodcabinets.com\/wp-content\/uploads\/elmwood-1900x720-1-2-768x291.webp 768w, https:\/\/elmwoodcabinets.com\/wp-content\/uploads\/elmwood-1900x720-1-2-1536x582.webp 1536w, https:\/\/elmwoodcabinets.com\/wp-content\/uploads\/elmwood-1900x720-1-2-18x7.webp 18w\" sizes=\"auto, (max-width: 1900px) 100vw, 1900px\" \/>\n\n\n\n<div class=\"py-container py-flex py-gap\" style=\"--py-gap-value:var(--py-container-gap);position:relative;z-index:2;--py-justify-content:center\"><\/div>\n<\/section>\n\n\n\n<section class=\"py-flex py-gap py-section py-background-color-3\" style=\"--py-gap-value:var(--py-section-gap)\">\n<div class=\"py-container py-flex py-gap\" style=\"--py-gap-value:var(--py-container-gap);--py-align-items:center\">\n<h2 class=\"py-text\" style=\"--py-text-color:var(--py-brand-color-2)\">Pour une cuisine de r\u00eave<\/h2>\n\n\n\n<p class=\"py-text\" style=\"--py-text-color:var(--py-brand-color-2)\">Pour que le r\u00eave dure \u00e9ternellement<\/p>\n\n\n\n<div class=\"wp-block-piney-py-divider py-divider\" style=\"max-width:5rem\"><\/div>\n\n\n\n<p class=\"py-text\" style=\"--py-text-color:var(--py-brand-color-2);--py-text-align:center;--py-max-width:1040px\">Un raffinement que vous appr\u00e9cierez autant dans la nuance de nos finis que dans la robustesse de notre assemblage. Des options de personnalisation qui donneront une v\u00e9ritable authenticit\u00e9 \u00e0 votre cuisine de r\u00eave. Elmwood, c\u2019est un extraordinaire sentiment d\u2019avoir fait le bon choix; celui d\u2019un produit haut de gamme que vous appr\u00e9cierez chaque jour pour longtemps, tr\u00e8s longtemps.<\/p>\n<\/div>\n<\/section>\n\n\n\n<section class=\"py-flex py-gap py-section py-background-color-3  py-section-padding\" style=\"--py-gap-value:var(--py-section-gap);--py-pad-r-calc:0px;--py-pad-l-calc:0px\">\n<div class=\"wp-block-piney-py-grid-two-col-full-img py-two-col-grid-img-full\"> <div data-empty-placeholder=\"\"><\/div> <div data-empty-placeholder=\"\" class=\"py-two-col-grid-img-full__content\">\n<div class=\"py-flex py-gap\" style=\"--py-gap-value:var(--py-content-gap)\">\n<h2 class=\"py-text\" style=\"--py-text-color:var(--py-brand-color-2)\">Design<\/h2>\n\n\n\n<div class=\"wp-block-piney-py-divider py-divider\" style=\"max-width:5rem\"><\/div>\n\n\n\n<p class=\"py-text\" style=\"--py-text-color:var(--py-brand-color-2);--py-font-size:2.5rem;--py-max-width:1040px\">Un pur chef-d\u2019oeuvre d\u2019authenticit\u00e9 et d\u2019unicit\u00e9.<\/p>\n\n\n\n<p class=\"py-text\" style=\"--py-text-color:var(--py-brand-color-2)\">Un univers de cr\u00e9ation sans limites \u00e0 travers une totale libert\u00e9 de design. Des mat\u00e9riaux riches. Des finis saisissants. Des accessoires innovants et des solutions de rangement ing\u00e9nieuses. Une cr\u00e9ation \u00e0 la signature exclusive.<\/p>\n<\/div>\n<\/div> <div data-empty-placeholder=\"\"><\/div> <img loading=\"lazy\" decoding=\"async\" width=\"1440\" height=\"870\" src=\"https:\/\/elmwoodcabinets.com\/wp-content\/uploads\/elmwood-attribut-design-1440x870-1-2.webp\" alt=\"elmwood attribut design 1440x870 1\" class=\"wp-image-6399\" srcset=\"https:\/\/elmwoodcabinets.com\/wp-content\/uploads\/elmwood-attribut-design-1440x870-1-2.webp 1440w, https:\/\/elmwoodcabinets.com\/wp-content\/uploads\/elmwood-attribut-design-1440x870-1-2-300x181.webp 300w, https:\/\/elmwoodcabinets.com\/wp-content\/uploads\/elmwood-attribut-design-1440x870-1-2-1024x619.webp 1024w, https:\/\/elmwoodcabinets.com\/wp-content\/uploads\/elmwood-attribut-design-1440x870-1-2-768x464.webp 768w, https:\/\/elmwoodcabinets.com\/wp-content\/uploads\/elmwood-attribut-design-1440x870-1-2-18x12.webp 18w\" sizes=\"auto, (max-width: 1440px) 100vw, 1440px\" \/> <\/div>\n<\/section>\n\n\n\n<section class=\"py-flex py-gap py-section py-background-color-3  py-section-padding\" style=\"--py-gap-value:var(--py-section-gap);--py-pad-r-calc:0px;--py-pad-l-calc:0px\">\n<div class=\"wp-block-piney-py-grid-two-col-full-img py-two-col-grid-img-full grid-img-full-reverse\"> <div data-empty-placeholder=\"\"><\/div> <div data-empty-placeholder=\"\" class=\"py-two-col-grid-img-full__content\">\n<div class=\"py-flex py-gap\" style=\"--py-gap-value:var(--py-content-gap)\">\n<h2 class=\"py-text\" style=\"--py-text-color:var(--py-brand-color-2)\">Fabrication<\/h2>\n\n\n\n<div class=\"wp-block-piney-py-divider py-divider\" style=\"max-width:5rem\"><\/div>\n\n\n\n<p class=\"py-text\" style=\"--py-text-color:var(--py-brand-color-2);--py-font-size:2.5rem;--py-max-width:1040px\">Une extraordinaire sensation de qualit\u00e9.<\/p>\n\n\n\n<p class=\"py-text\" style=\"--py-text-color:var(--py-brand-color-2)\">Un savoir-faire artisanal reconnu. Une qualit\u00e9 de fabrication et d\u2019assemblage sans compromis. Une pr\u00e9cision, une stabilit\u00e9 et une r\u00e9sistance pour une totale paix d\u2019esprit.<\/p>\n<\/div>\n<\/div> <div data-empty-placeholder=\"\"><\/div> <img loading=\"lazy\" decoding=\"async\" width=\"1440\" height=\"870\" src=\"https:\/\/elmwoodcabinets.com\/wp-content\/uploads\/elmwood-attribut-fabrication-1440x870-1-2.webp\" alt=\"elmwood attribut fabrication 1440x870 1\" class=\"wp-image-6401\" srcset=\"https:\/\/elmwoodcabinets.com\/wp-content\/uploads\/elmwood-attribut-fabrication-1440x870-1-2.webp 1440w, https:\/\/elmwoodcabinets.com\/wp-content\/uploads\/elmwood-attribut-fabrication-1440x870-1-2-300x181.webp 300w, https:\/\/elmwoodcabinets.com\/wp-content\/uploads\/elmwood-attribut-fabrication-1440x870-1-2-1024x619.webp 1024w, https:\/\/elmwoodcabinets.com\/wp-content\/uploads\/elmwood-attribut-fabrication-1440x870-1-2-768x464.webp 768w, https:\/\/elmwoodcabinets.com\/wp-content\/uploads\/elmwood-attribut-fabrication-1440x870-1-2-18x12.webp 18w\" sizes=\"auto, (max-width: 1440px) 100vw, 1440px\" \/> <\/div>\n<\/section>\n\n\n\n<section class=\"py-flex py-gap py-section py-background-color-3  py-section-padding\" style=\"--py-gap-value:var(--py-section-gap);--py-pad-r-calc:0px;--py-pad-l-calc:0px\">\n<div class=\"wp-block-piney-py-grid-two-col-full-img py-two-col-grid-img-full\"> <div data-empty-placeholder=\"\"><\/div> <div data-empty-placeholder=\"\" class=\"py-two-col-grid-img-full__content\">\n<div class=\"py-flex py-gap\" style=\"--py-gap-value:var(--py-content-gap)\">\n<h2 class=\"py-text\" style=\"--py-text-color:var(--py-brand-color-2)\">Finis<\/h2>\n\n\n\n<div class=\"wp-block-piney-py-divider py-divider\" style=\"max-width:5rem\"><\/div>\n\n\n\n<p class=\"py-text\" style=\"--py-text-color:var(--py-brand-color-2);--py-font-size:2.5rem;--py-max-width:1040px\">Une richesse d\u2019une beaut\u00e9 \u00e9ternelle.<\/p>\n\n\n\n<p class=\"py-text\" style=\"--py-text-color:var(--py-brand-color-2)\">Des finis qui tiennent de l\u2019art pur. Une ma\u00eetrise issue de plus de 47 ans d\u2019excellence dans le d\u00e9veloppement et l\u2019application de finis. Plus de 5 000 options d\u2019une extr\u00eame richesse et d\u2019une extraordinaire r\u00e9sistance.<\/p>\n<\/div>\n<\/div> <div data-empty-placeholder=\"\"><\/div> <img loading=\"lazy\" decoding=\"async\" width=\"1440\" height=\"870\" src=\"https:\/\/elmwoodcabinets.com\/wp-content\/uploads\/elmwood-attribut-finis-1440x870-1-2.webp\" alt=\"elmwood attribut finis 1440x870 1\" class=\"wp-image-6402\" srcset=\"https:\/\/elmwoodcabinets.com\/wp-content\/uploads\/elmwood-attribut-finis-1440x870-1-2.webp 1440w, https:\/\/elmwoodcabinets.com\/wp-content\/uploads\/elmwood-attribut-finis-1440x870-1-2-300x181.webp 300w, https:\/\/elmwoodcabinets.com\/wp-content\/uploads\/elmwood-attribut-finis-1440x870-1-2-1024x619.webp 1024w, https:\/\/elmwoodcabinets.com\/wp-content\/uploads\/elmwood-attribut-finis-1440x870-1-2-768x464.webp 768w, https:\/\/elmwoodcabinets.com\/wp-content\/uploads\/elmwood-attribut-finis-1440x870-1-2-18x12.webp 18w\" sizes=\"auto, (max-width: 1440px) 100vw, 1440px\" \/> <\/div>\n<\/section>\n\n\n\n<section class=\"py-flex py-gap py-section py-background-color-3  py-section-padding\" style=\"--py-gap-value:var(--py-section-gap);--py-pad-r-calc:0px;--py-pad-l-calc:0px\">\n<div class=\"wp-block-piney-py-grid-two-col-full-img py-two-col-grid-img-full grid-img-full-reverse\"> <div data-empty-placeholder=\"\"><\/div> <div data-empty-placeholder=\"\" class=\"py-two-col-grid-img-full__content\">\n<div class=\"py-flex py-gap\" style=\"--py-gap-value:var(--py-content-gap)\">\n<h2 class=\"py-text\" style=\"--py-text-color:var(--py-brand-color-2)\">Mouvement<\/h2>\n\n\n\n<div class=\"wp-block-piney-py-divider py-divider\" style=\"max-width:5rem\"><\/div>\n\n\n\n<p class=\"py-text\" style=\"--py-text-color:var(--py-brand-color-2);--py-font-size:2.5rem;--py-max-width:1040px\">Une robustesse tout en finesse.<\/p>\n\n\n\n<p class=\"py-text\" style=\"--py-text-color:var(--py-brand-color-2)\">Pour vos gestes mille fois r\u00e9p\u00e9t\u00e9s, des syst\u00e8mes de ferrures haut de gamme de qualit\u00e9 reconnue qui \u00e9tonnent par leur design discret, leur fluidit\u00e9 et leur cr\u00e9ativit\u00e9.<\/p>\n<\/div>\n<\/div> <div data-empty-placeholder=\"\"><\/div> <img loading=\"lazy\" decoding=\"async\" width=\"1440\" height=\"870\" src=\"https:\/\/elmwoodcabinets.com\/wp-content\/uploads\/elmwood-attribut-motion-1440x870-1-2.webp\" alt=\"elmwood attribut motion 1440x870 1\" class=\"wp-image-6396\" srcset=\"https:\/\/elmwoodcabinets.com\/wp-content\/uploads\/elmwood-attribut-motion-1440x870-1-2.webp 1440w, https:\/\/elmwoodcabinets.com\/wp-content\/uploads\/elmwood-attribut-motion-1440x870-1-2-300x181.webp 300w, https:\/\/elmwoodcabinets.com\/wp-content\/uploads\/elmwood-attribut-motion-1440x870-1-2-1024x619.webp 1024w, https:\/\/elmwoodcabinets.com\/wp-content\/uploads\/elmwood-attribut-motion-1440x870-1-2-768x464.webp 768w, https:\/\/elmwoodcabinets.com\/wp-content\/uploads\/elmwood-attribut-motion-1440x870-1-2-18x12.webp 18w\" sizes=\"auto, (max-width: 1440px) 100vw, 1440px\" \/> <\/div>\n<\/section>\n\n\n\n<section class=\"py-flex py-gap py-section py-background-color-3  py-section-padding\" style=\"--py-gap-value:var(--py-section-gap);--py-pad-r-calc:0px;--py-pad-l-calc:0px\">\n<div class=\"wp-block-piney-py-grid-two-col-full-img py-two-col-grid-img-full\"> <div data-empty-placeholder=\"\"><\/div> <div data-empty-placeholder=\"\" class=\"py-two-col-grid-img-full__content\">\n<div class=\"py-flex py-gap\" style=\"--py-gap-value:var(--py-content-gap)\">\n<h2 class=\"py-text\" style=\"--py-text-color:var(--py-brand-color-2)\">Rangement et accessoires<\/h2>\n\n\n\n<div class=\"wp-block-piney-py-divider py-divider\" style=\"max-width:5rem\"><\/div>\n\n\n\n<p class=\"py-text\" style=\"--py-text-color:var(--py-brand-color-2);--py-font-size:2.5rem;--py-max-width:1040px\">Une \u00e9l\u00e9gante fonctionnalit\u00e9.<\/p>\n\n\n\n<p class=\"py-text\" style=\"--py-text-color:var(--py-brand-color-2)\">Harmonisez design et fonction avec nos accessoires exclusifs Elmwood et nos solutions de rangement s\u00e9lectionn\u00e9es parmi les plus grandes marques mondiales. Install\u00e9s et parfaitement ajust\u00e9s en usine par nos artisans chevronn\u00e9s.<\/p>\n<\/div>\n<\/div> <div data-empty-placeholder=\"\"><\/div> <img loading=\"lazy\" decoding=\"async\" width=\"1440\" height=\"870\" src=\"https:\/\/elmwoodcabinets.com\/wp-content\/uploads\/elmwood-attribut-accessories-1440x870-1-2.webp\" alt=\"elmwood attribut accessories 1440x870 1\" class=\"wp-image-6398\" srcset=\"https:\/\/elmwoodcabinets.com\/wp-content\/uploads\/elmwood-attribut-accessories-1440x870-1-2.webp 1440w, https:\/\/elmwoodcabinets.com\/wp-content\/uploads\/elmwood-attribut-accessories-1440x870-1-2-300x181.webp 300w, https:\/\/elmwoodcabinets.com\/wp-content\/uploads\/elmwood-attribut-accessories-1440x870-1-2-1024x619.webp 1024w, https:\/\/elmwoodcabinets.com\/wp-content\/uploads\/elmwood-attribut-accessories-1440x870-1-2-768x464.webp 768w, https:\/\/elmwoodcabinets.com\/wp-content\/uploads\/elmwood-attribut-accessories-1440x870-1-2-18x12.webp 18w\" sizes=\"auto, (max-width: 1440px) 100vw, 1440px\" \/> <\/div>\n<\/section>\n\n\n\n<section class=\"py-flex py-gap py-section py-background-color-3  py-section-padding\" style=\"--py-gap-value:var(--py-section-gap);--py-pad-r-calc:0px;--py-pad-l-calc:0px\">\n<div class=\"wp-block-piney-py-grid-two-col-full-img py-two-col-grid-img-full grid-img-full-reverse\"> <div data-empty-placeholder=\"\"><\/div> <div data-empty-placeholder=\"\" class=\"py-two-col-grid-img-full__content\">\n<div class=\"py-flex py-gap\" style=\"--py-gap-value:var(--py-content-gap)\">\n<h2 class=\"py-text\" style=\"--py-text-color:var(--py-brand-color-2)\">Environnement<\/h2>\n\n\n\n<div class=\"wp-block-piney-py-divider py-divider\" style=\"max-width:5rem\"><\/div>\n\n\n\n<p class=\"py-text\" style=\"--py-text-color:var(--py-brand-color-2);--py-font-size:2.5rem;--py-max-width:1040px\">Un choix sain pour vous, pour la plan\u00e8te.<\/p>\n\n\n\n<p class=\"py-text\" style=\"--py-text-color:var(--py-brand-color-2)\">Des mat\u00e9riaux r\u00e9pondant aux normes environnementales les plus strictes et des politiques au-del\u00e0 des standards de l\u2019industrie vous assurent un choix en harmonie avec un mode de vie \u00e9coresponsable.<\/p>\n<\/div>\n<\/div> <div data-empty-placeholder=\"\"><\/div> <img loading=\"lazy\" decoding=\"async\" width=\"1440\" height=\"870\" src=\"https:\/\/elmwoodcabinets.com\/wp-content\/uploads\/elmwood-attribut-enviro-1440x870-1-2.webp\" alt=\"elmwood attribut enviro 1440x870 1\" class=\"wp-image-6400\" srcset=\"https:\/\/elmwoodcabinets.com\/wp-content\/uploads\/elmwood-attribut-enviro-1440x870-1-2.webp 1440w, https:\/\/elmwoodcabinets.com\/wp-content\/uploads\/elmwood-attribut-enviro-1440x870-1-2-300x181.webp 300w, https:\/\/elmwoodcabinets.com\/wp-content\/uploads\/elmwood-attribut-enviro-1440x870-1-2-1024x619.webp 1024w, https:\/\/elmwoodcabinets.com\/wp-content\/uploads\/elmwood-attribut-enviro-1440x870-1-2-768x464.webp 768w, https:\/\/elmwoodcabinets.com\/wp-content\/uploads\/elmwood-attribut-enviro-1440x870-1-2-18x12.webp 18w\" sizes=\"auto, (max-width: 1440px) 100vw, 1440px\" \/> <\/div>\n<\/section>\n\n\n\n<section class=\"py-flex py-gap py-section py-background-color-3\" style=\"--py-gap-value:var(--py-section-gap)\">\n<div class=\"py-container py-flex py-gap\" style=\"--py-gap-value:var(--py-container-gap)\">\n<div class=\"wp-block-group is-content-justification-space-between is-nowrap is-layout-flex wp-container-core-group-is-layout-cb46ffcb wp-block-group-is-layout-flex\">\n<p class=\"has-brand-2-color has-text-color has-link-color wp-elements-5d2e94865bee5c8839dfcf6c7b0d0d23\">@elmwoodcabinets<\/p>\n\n\n\n<a href=\"https:\/\/www.instagram.com\/elmwoodcabinets\/\" class=\"wp-block-piney-py-stripe-link stripe-link\" target=\"_blank\" style=\"color:var(--py-brand-color-2)\" rel=\"noopener\">Suivez-nous<\/a>\n<\/div>\n\n\n\n<div id=\"wpsr-ig-feed-5304\" class=\"wpsr-ig-feed-wrapper wpsr-feed-wrap wpsr_content wpsr-ig-feed-template1 wpsr-ig-feed-template-5304\"   data-column=\"5\"><div class=\"wpsr-container wpsr-insta-feed-5304\">\n<div class=\"wpsr-ig-feed-wrapper-inner\"><div class=\"wpsr-row wpsr-ig-all-feed wpsr_feeds wpsr-column-gap-default\"><\/div><div class=\"wpsr-ig-footer wpsr-row\"><\/div><\/div><\/div><\/div>\n<\/div>\n<\/section>","protected":false},"excerpt":{"rendered":"","protected":false},"author":5,"featured_media":0,"parent":0,"menu_order":0,"comment_status":"closed","ping_status":"closed","template":"","meta":{"_seopress_robots_primary_cat":"","_seopress_titles_title":"","_seopress_titles_desc":"","_seopress_robots_index":"","footnotes":""},"class_list":["post-4748","page","type-page","status-publish","hentry"],"meta_box":[],"_links":{"self":[{"href":"https:\/\/elmwoodcabinets.com\/fr\/wp-json\/wp\/v2\/pages\/4748","targetHints":{"allow":["GET"]}}],"collection":[{"href":"https:\/\/elmwoodcabinets.com\/fr\/wp-json\/wp\/v2\/pages"}],"about":[{"href":"https:\/\/elmwoodcabinets.com\/fr\/wp-json\/wp\/v2\/types\/page"}],"author":[{"embeddable":true,"href":"https:\/\/elmwoodcabinets.com\/fr\/wp-json\/wp\/v2\/users\/5"}],"replies":[{"embeddable":true,"href":"https:\/\/elmwoodcabinets.com\/fr\/wp-json\/wp\/v2\/comments?post=4748"}],"version-history":[{"count":5,"href":"https:\/\/elmwoodcabinets.com\/fr\/wp-json\/wp\/v2\/pages\/4748\/revisions"}],"predecessor-version":[{"id":8543,"href":"https:\/\/elmwoodcabinets.com\/fr\/wp-json\/wp\/v2\/pages\/4748\/revisions\/8543"}],"wp:attachment":[{"href":"https:\/\/elmwoodcabinets.com\/fr\/wp-json\/wp\/v2\/media?parent=4748"}],"curies":[{"name":"wp","href":"https:\/\/api.w.org\/{rel}","templated":true}]}}