{"id":3,"date":"2022-10-06T18:09:50","date_gmt":"2022-10-06T18:09:50","guid":{"rendered":"https:\/\/wordpress-403092-4947710.cloudwaysapps.com\/?page_id=3"},"modified":"2025-02-28T07:06:04","modified_gmt":"2025-02-28T12:06:04","slug":"privacy-policy","status":"publish","type":"page","link":"https:\/\/elmwoodcabinets.com\/fr\/privacy-policy\/","title":{"rendered":"Politique de confidentialit\u00e9"},"content":{"rendered":"<section class=\"py-flex py-gap py-section\" style=\"--py-gap-value:var(--py-section-gap)\">\n<div class=\"py-container py-flex py-gap\" style=\"--py-gap-value:var(--py-container-gap)\">\n<h1 class=\"wp-block-heading\">Politique de confidentialit\u00e9<\/h1>\n\n\n\n<p>Votre vie priv\u00e9e est importante pour nous. Nous tenons donc \u00e0 ce que vous compreniez comment nous prot\u00e9geons vos renseignements personnels et quels types d\u2019informations nous recevons et recueillons lorsque vous visitez nos sites Web.<\/p>\n\n\n\n<p><strong>Renseignements personnels et s\u00e9curit\u00e9 en ligne<\/strong><\/p>\n\n\n\n<p>Le terme \u00ab renseignement personnel \u00bb d\u00e9signe toute information permettant d\u2019identifier une personne et pouvant \u00eatre recueillie en ligne par GROUPE CABICO INC. (\u201cCABICO\u201d), comme votre nom, votre adresse, votre adresse \u00e9lectronique, votre num\u00e9ro de t\u00e9l\u00e9phone ou toutes autres donn\u00e9es de nature similaire auxquelles CABICO pourrait avoir acc\u00e8s, comme les informations associ\u00e9es \u00e0 votre compte.<\/p>\n\n\n\n<p>Lorsque vous visitez un site Web appartenant \u00e0 ou associ\u00e9 \u00e0 CABICO, votre anonymat est pr\u00e9serv\u00e9 \u00e0 moins que vous ne choisissiez de vous identifier. Vous n\u2019\u00eates pas tenu de fournir des renseignements personnels pour utiliser nos sites Web, \u00e0 moins qu\u2019une fonctionnalit\u00e9 ne l\u2019exige. Par exemple, si vous avez conclu un contrat avec nous et que vous souhaitez acc\u00e9der \u00e0 votre compte en ligne, vous devrez fournir des informations d\u2019identification ou, si vous cr\u00e9ez un compte, vous devrez nous fournir des renseignements personnels, dont votre nom et un mot de passe. Vous pouvez \u00e9galement choisir d\u2019ajouter un num\u00e9ro de t\u00e9l\u00e9phone \u00e0 votre compte. M\u00eame si vous n\u2019\u00eates pas connect\u00e9 \u00e0 un compte, vous pouvez choisir de nous fournir des renseignements personnels \u2013 comme une adresse \u00e9lectronique \u2013 pour recevoir des mises \u00e0 jour sur nos services. Le cas \u00e9ch\u00e9ant, nous avons mis en place des mesures de protection physiques, \u00e9lectroniques et proc\u00e9durales afin de prot\u00e9ger vos renseignements personnels en ligne contre une utilisation non autoris\u00e9e ou un acc\u00e8s inappropri\u00e9. Ces mesures de protection peuvent comprendre :<\/p>\n\n\n\n<p>Des mots de passe et des num\u00e9ros d\u2019identification personnels (NIP) : Nos clients ne peuvent acc\u00e9der aux informations de leur compte en ligne qu\u2019apr\u00e8s avoir fourni leurs informations d\u2019identification ainsi qu\u2019un mot de passe ou un NIP. Ces renseignements personnels vous sont propres et constituent une premi\u00e8re \u00e9tape importante dans la protection de vos informations en ligne.<\/p>\n\n\n\n<p>Cryptage 128 bits : CABICO utilise un protocole SSL (couche de sockets s\u00e9curis\u00e9s) pour prot\u00e9ger les renseignements personnels qui nous sont transmis par voie \u00e9lectronique. Les informations transmises par SSL sont crypt\u00e9es, ou brouill\u00e9es, pour emp\u00eacher toute lecture non autoris\u00e9e des communications \u00e9lectroniques. Si nous d\u00e9tectons une menace dont nous estimons que vous devriez \u00eatre inform\u00e9, nous vous en aviserons et nous vous guiderons dans les \u00e9tapes \u00e0 suivre pour assurer votre protection.<\/p>\n\n\n\n<p>Bien que nous disposions de mesures de protection physiques, \u00e9lectroniques et proc\u00e9durales que nous estimons ad\u00e9quates pour prot\u00e9ger vos renseignements personnels, ces syst\u00e8mes peuvent \u00eatre sujets \u00e0 des erreurs humaines et op\u00e9rationnelles. Plus particuli\u00e8rement, l\u2019Internet \u00e9tant un syst\u00e8me ouvert, nous ne pouvons pas garantir et ne garantissons pas que les renseignements personnels que vous saisissez en ligne ne seront pas d\u00e9tourn\u00e9s, intercept\u00e9s, modifi\u00e9s, supprim\u00e9s ou utilis\u00e9s par des tiers.<\/p>\n\n\n\n<p>Si vous pensez que les renseignements personnels que nous avons recueillis \u00e0 votre sujet sont inexacts, vous pouvez nous envoyer une requ\u00eate \u00e9crite \u00e0 l\u2019adresse suivante : CABICO, 677, rue Akhurst, Coaticook (Qu\u00e9bec) Canada J1A 2H6. Nous examinerons votre demande et apporterons les correctifs requis si n\u00e9cessaire.<\/p>\n\n\n\n<p>Vous pouvez choisir de ne pas divulguer vos renseignements personnels par l\u2019entremise d\u2019un site Web de CABICO et d\u2019utiliser un autre moyen de communication comme le t\u00e9l\u00e9phone, le t\u00e9l\u00e9copieur ou le courrier postal.<\/p>\n\n\n\n<p><strong>Outils de collecte de donn\u00e9es en ligne visant \u00e0 am\u00e9liorer et \u00e0 \u00e9valuer la fonctionnalit\u00e9 et l\u2019efficacit\u00e9 du site Web<\/strong><\/p>\n\n\n\n<p>Comme bien d\u2019autres entreprises, CABICO recueille parfois des donn\u00e9es afin de mieux comprendre comment les utilisateurs interagissent avec nos sites Web. Ces donn\u00e9es peuvent comprendre : l\u2019adresse IP des utilisateurs, des informations sur le nombre de nouveaux visiteurs et de visiteurs r\u00e9currents, les parties du site visit\u00e9es par les utilisateurs, la dur\u00e9e de la visite, l\u2019emplacement g\u00e9ographique des utilisateurs et d\u2019autres informations similaires. Nous pourrions \u00e9galement recenser le nombre d\u2019utilisateurs qui consultent les publicit\u00e9s faisant la promotion de nos produits et services et qui apparaissent sur les sites Web d\u2019autres entreprises. Toutes ces informations sont recueillies dans un format ne permettant pas d\u2019identifier une personne et sont utilis\u00e9es pour am\u00e9liorer la performance et la fonctionnalit\u00e9 de nos sites Web, cr\u00e9er une meilleure exp\u00e9rience pour nos utilisateurs, mesurer la r\u00e9ponse \u00e0 nos campagnes de marketing Web et vous fournir un contenu plus pertinent bas\u00e9 sur votre int\u00e9r\u00eat potentiel pour le contenu, les produits et les services de CABICO.<\/p>\n\n\n\n<p>CABICO ou les agents agissant en son nom peuvent recueillir ces informations en utilisant des t\u00e9moins, des images \u00e9lectroniques connues sous le nom de balises Web ou tout autre moyen que la technologie actuelle permet. Bien que les r\u00e8gles diff\u00e8rent d\u2019un pays \u00e0 l\u2019autre, le site de CABICO utilise des technologies qui respectent les r\u00e9glementations canadiennes et am\u00e9ricaines.<\/p>\n\n\n\n<p>Toutes les informations recueillies par l\u2019un de ces outils de suivi en ligne sont de nature non personnelle et ne sont pas utilis\u00e9es en relation avec d\u2019autres informations qui pourraient permettre de vous identifier personnellement, sauf si vous avez saisi votre identifiant et votre mot de passe pour acc\u00e9der au site ou si vous nous les avez fournis.<\/p>\n\n\n\n<p><strong>Communication<\/strong><\/p>\n\n\n\n<p>Nous utilisons les informations que nous recueillons, comme votre adresse \u00e9lectronique ou votre num\u00e9ro de t\u00e9l\u00e9phone, pour interagir directement avec vous. Nous pourrions vous faire part de changements ou d\u2019am\u00e9liorations \u00e0 venir concernant nos produits ou services. En outre, si vous nous contactez, nous conserverons une trace de notre \u00e9change afin de vous aider \u00e0 r\u00e9soudre tout probl\u00e8me potentiel.<\/p>\n\n\n\n<p><strong>Services<\/strong><\/p>\n\n\n\n<p>Nous recueillons et utilisons vos renseignements personnels pour traiter les commandes et les retours, ainsi qu\u2019\u00e0 des fins de service \u00e0 la client\u00e8le.<\/p>\n\n\n\n<p><strong>Partage de vos informations<\/strong><\/p>\n\n\n\n<p>CABICO ne partage pas vos renseignements personnels avec des entreprises, des organisations ou des personnes tierces, sauf dans les cas suivants :<\/p>\n\n\n\n<p>Nous pourrions partager les informations relatives aux visites sur nos sites Web obtenues via Google Analytics ou d\u2019autres services afin d\u2019analyser l\u2019activit\u00e9 en ligne sur nos sites Web ou l\u2019impact de nos publicit\u00e9s en ligne.<\/p>\n\n\n\n<p>Moyennant votre consentement, CABICO pourrait partager vos renseignements personnels avec des tiers.<\/p>\n\n\n\n<p>Nous fournissons des renseignements personnels \u00e0 nos filiales et \u00e0 d\u2019autres entreprises ou personnes de confiance afin qu\u2019elles les traitent pour nous, conform\u00e9ment \u00e0 nos instructions et dans le respect de notre politique de confidentialit\u00e9 et de toute autre mesure de protection de la vie priv\u00e9e et de s\u00e9curit\u00e9 applicable.<\/p>\n\n\n\n<p>Nous partagerons des renseignements personnels avec des tiers si nous estimons de bonne foi que l\u2019acc\u00e8s, l\u2019utilisation, la conservation ou la divulgation de ces informations est raisonnablement n\u00e9cessaire afin de :<\/p>\n\n\n\n<ul class=\"wp-block-list\">\n<li>Satisfaire \u00e0 toute loi, r\u00e9glementation, proc\u00e9dure judiciaire ou demande gouvernementale ex\u00e9cutoire. Nous partageons les informations en fonction des requ\u00eates que nous recevons des gouvernements afin de se conformer \u00e0 la loi.<\/li>\n\n\n\n<li>Faire respecter les conditions contractuelles applicables, y compris dans le cadre d\u2019enqu\u00eates relatives \u00e0 des violations potentielles.<\/li>\n\n\n\n<li>D\u00e9tecter, pr\u00e9venir ou r\u00e9gler les probl\u00e8mes de fraude, de s\u00e9curit\u00e9 ou de nature technique.<\/li>\n\n\n\n<li>Prot\u00e9ger CABICO, nos utilisateurs et le public contre toute atteinte aux droits, \u00e0 la propri\u00e9t\u00e9 ou \u00e0 la s\u00e9curit\u00e9, tel qu\u2019exig\u00e9 ou autoris\u00e9 par la loi.<\/li>\n<\/ul>\n\n\n\n<p>Nous pourrions partager des informations non personnelles publiquement et avec nos partenaires, tels que des diffuseurs, des annonceurs, des d\u00e9veloppeurs ou des d\u00e9tenteurs l\u00e9gaux. Par exemple, nous partageons des informations publiquement pour illustrer les tendances li\u00e9es \u00e0 l\u2019utilisation g\u00e9n\u00e9rale de nos services. Nous autorisons \u00e9galement certains partenaires \u00e0 recueillir des informations \u00e0 partir de votre navigateur ou de votre appareil \u00e0 des fins de publicit\u00e9 et de mesure en utilisant leurs propres t\u00e9moins ou des technologies similaires.<\/p>\n\n\n\n<p>Dans le cas o\u00f9 CABICO serait impliqu\u00e9 dans une fusion, une acquisition ou une vente d\u2019actifs, nous continuerons \u00e0 assurer la confidentialit\u00e9 de vos renseignements personnels et nous informerons les utilisateurs concern\u00e9s avant que leurs renseignements personnels ne soient transf\u00e9r\u00e9s ou soumis \u00e0 une autre politique de confidentialit\u00e9.<\/p>\n\n\n\n<p><strong>Liens vers des sites Web ext\u00e9rieurs \u00e0 CABICO<\/strong><\/p>\n\n\n\n<p>Afin de fournir plus d\u2019informations susceptibles d\u2019\u00eatre utiles aux utilisateurs, certains de nos sites Web comportent des liens vers d\u2019autres sites Web qui ne sont pas affili\u00e9s \u00e0 ou g\u00e9r\u00e9s par CABICO. Nous ne faisons aucun suivi quant aux pratiques de confidentialit\u00e9 de ces sites tiers, et n\u2019avons aucune autorit\u00e9 sur ceux-ci. Par cons\u00e9quent, nous n\u2019assumons aucune responsabilit\u00e9 quant aux politiques et proc\u00e9dures de collecte de donn\u00e9es utilis\u00e9es par ces sites.<\/p>\n<\/div>\n<\/section>","protected":false},"excerpt":{"rendered":"","protected":false},"author":5,"featured_media":0,"parent":0,"menu_order":0,"comment_status":"closed","ping_status":"closed","template":"","meta":{"_seopress_robots_primary_cat":"","_seopress_titles_title":"","_seopress_titles_desc":"","_seopress_robots_index":"","footnotes":""},"class_list":["post-3","page","type-page","status-publish","hentry"],"meta_box":[],"_links":{"self":[{"href":"https:\/\/elmwoodcabinets.com\/fr\/wp-json\/wp\/v2\/pages\/3","targetHints":{"allow":["GET"]}}],"collection":[{"href":"https:\/\/elmwoodcabinets.com\/fr\/wp-json\/wp\/v2\/pages"}],"about":[{"href":"https:\/\/elmwoodcabinets.com\/fr\/wp-json\/wp\/v2\/types\/page"}],"author":[{"embeddable":true,"href":"https:\/\/elmwoodcabinets.com\/fr\/wp-json\/wp\/v2\/users\/5"}],"replies":[{"embeddable":true,"href":"https:\/\/elmwoodcabinets.com\/fr\/wp-json\/wp\/v2\/comments?post=3"}],"version-history":[{"count":2,"href":"https:\/\/elmwoodcabinets.com\/fr\/wp-json\/wp\/v2\/pages\/3\/revisions"}],"predecessor-version":[{"id":7062,"href":"https:\/\/elmwoodcabinets.com\/fr\/wp-json\/wp\/v2\/pages\/3\/revisions\/7062"}],"wp:attachment":[{"href":"https:\/\/elmwoodcabinets.com\/fr\/wp-json\/wp\/v2\/media?parent=3"}],"curies":[{"name":"wp","href":"https:\/\/api.w.org\/{rel}","templated":true}]}}